{"id":2698,"date":"2026-02-23T15:03:18","date_gmt":"2026-02-23T18:03:18","guid":{"rendered":"https:\/\/www.ccpaschool.edu.py\/?page_id=2698"},"modified":"2026-02-25T11:26:45","modified_gmt":"2026-02-25T14:26:45","slug":"american-spaces","status":"publish","type":"page","link":"https:\/\/www.ccpaschool.edu.py\/en\/american-spaces\/","title":{"rendered":"American Spaces"},"content":{"rendered":"<div data-elementor-type=\"wp-page\" data-elementor-id=\"2698\" class=\"elementor elementor-2698\" data-elementor-post-type=\"page\">\n\t\t\t\t<div class=\"elementor-element elementor-element-a1f0a62 e-con-full e-flex elementor-invisible e-con e-parent\" data-id=\"a1f0a62\" data-element_type=\"container\" data-settings=\"{&quot;jet_parallax_layout_list&quot;:[],&quot;background_background&quot;:&quot;classic&quot;,&quot;animation&quot;:&quot;fadeInUp&quot;}\">\n\t\t<div class=\"elementor-element elementor-element-8c992bd e-con-full e-flex e-con e-child\" data-id=\"8c992bd\" data-element_type=\"container\" data-settings=\"{&quot;jet_parallax_layout_list&quot;:[]}\">\n\t\t\t\t<div class=\"elementor-element elementor-element-51d9b06 elementor-widget__width-initial elementor-widget-mobile__width-inherit elementor-widget elementor-widget-heading\" data-id=\"51d9b06\" data-element_type=\"widget\" data-widget_type=\"heading.default\">\n\t\t\t\t<div class=\"elementor-widget-container\">\n\t\t\t\t\t<h2 class=\"elementor-heading-title elementor-size-default\">\u00bfQu\u00e9 es ser un American Space?<\/h2>\t\t\t\t<\/div>\n\t\t\t\t<\/div>\n\t\t\t\t<div class=\"elementor-element elementor-element-6a61423 elementor-widget__width-initial elementor-widget-mobile__width-inherit elementor-widget elementor-widget-text-editor\" data-id=\"6a61423\" data-element_type=\"widget\" data-widget_type=\"text-editor.default\">\n\t\t\t\t<div class=\"elementor-widget-container\">\n\t\t\t\t\t\t\t\t\t<p>Tu conexi\u00f3n directa con la innovaci\u00f3n, la cultura y las oportunidades de los Estados Unidos.<\/p>\t\t\t\t\t\t\t\t<\/div>\n\t\t\t\t<\/div>\n\t\t\t\t<\/div>\n\t\t<div class=\"elementor-element elementor-element-5aec936 e-con-full e-flex e-con e-child\" data-id=\"5aec936\" data-element_type=\"container\" data-settings=\"{&quot;jet_parallax_layout_list&quot;:[],&quot;background_background&quot;:&quot;classic&quot;}\">\n\t\t\t\t<\/div>\n\t\t\t\t<\/div>\n\t\t<div class=\"elementor-element elementor-element-d756425 e-flex e-con-boxed elementor-invisible e-con e-parent\" data-id=\"d756425\" data-element_type=\"container\" data-settings=\"{&quot;background_background&quot;:&quot;classic&quot;,&quot;jet_parallax_layout_list&quot;:[],&quot;animation&quot;:&quot;fadeInUp&quot;}\">\n\t\t\t\t\t<div class=\"e-con-inner\">\n\t\t\t\t<div class=\"elementor-element elementor-element-fcd1313 elementor-widget__width-initial elementor-widget-mobile__width-inherit elementor-widget elementor-widget-heading\" data-id=\"fcd1313\" data-element_type=\"widget\" data-widget_type=\"heading.default\">\n\t\t\t\t<div class=\"elementor-widget-container\">\n\t\t\t\t\t<h2 class=\"elementor-heading-title elementor-size-default\">Un ecosistema vibrante donde las ideas cobran vida<\/h2>\t\t\t\t<\/div>\n\t\t\t\t<\/div>\n\t\t\t\t<div class=\"elementor-element elementor-element-1ee43bd elementor-widget__width-initial elementor-widget-mobile__width-inherit elementor-widget elementor-widget-text-editor\" data-id=\"1ee43bd\" data-element_type=\"widget\" data-widget_type=\"text-editor.default\">\n\t\t\t\t<div class=\"elementor-widget-container\">\n\t\t\t\t\t\t\t\t\t<p>Somos parte de una red global de m\u00e1s de 600 centros culturales y de aprendizaje, impulsados por el Departamento de Estado de EE. UU.<\/p>\t\t\t\t\t\t\t\t<\/div>\n\t\t\t\t<\/div>\n\t\t\t\t\t<\/div>\n\t\t\t\t<\/div>\n\t\t<div class=\"elementor-element elementor-element-6ab7bf3 e-flex e-con-boxed elementor-invisible e-con e-parent\" data-id=\"6ab7bf3\" data-element_type=\"container\" data-settings=\"{&quot;background_background&quot;:&quot;classic&quot;,&quot;jet_parallax_layout_list&quot;:[],&quot;animation&quot;:&quot;fadeInUp&quot;}\">\n\t\t\t\t\t<div class=\"e-con-inner\">\n\t\t<div class=\"elementor-element elementor-element-76a47fd e-con-full elementor-hidden-tablet elementor-hidden-mobile e-flex e-con e-child\" data-id=\"76a47fd\" data-element_type=\"container\" data-settings=\"{&quot;jet_parallax_layout_list&quot;:[]}\">\n\t\t<div class=\"elementor-element elementor-element-758d881 e-con-full e-transform e-flex e-con e-child\" data-id=\"758d881\" data-element_type=\"container\" data-settings=\"{&quot;jet_parallax_layout_list&quot;:[],&quot;_transform_rotateZ_effect&quot;:{&quot;unit&quot;:&quot;px&quot;,&quot;size&quot;:-5,&quot;sizes&quot;:[]},&quot;_transform_rotateZ_effect_tablet&quot;:{&quot;unit&quot;:&quot;deg&quot;,&quot;size&quot;:&quot;&quot;,&quot;sizes&quot;:[]},&quot;_transform_rotateZ_effect_mobile&quot;:{&quot;unit&quot;:&quot;deg&quot;,&quot;size&quot;:&quot;&quot;,&quot;sizes&quot;:[]}}\">\n\t\t\t\t<div class=\"elementor-element elementor-element-adfec45 elementor-widget elementor-widget-image\" data-id=\"adfec45\" data-element_type=\"widget\" data-widget_type=\"image.default\">\n\t\t\t\t<div class=\"elementor-widget-container\">\n\t\t\t\t\t\t\t\t\t\t\t\t\t\t\t<img fetchpriority=\"high\" decoding=\"async\" width=\"276\" height=\"300\" src=\"https:\/\/www.ccpaschool.edu.py\/wp-content\/uploads\/2026\/02\/20220915_111833-1.png\" class=\"attachment-full size-full wp-image-2784\" alt=\"\" srcset=\"https:\/\/www.ccpaschool.edu.py\/wp-content\/uploads\/2026\/02\/20220915_111833-1.png 276w, https:\/\/www.ccpaschool.edu.py\/wp-content\/uploads\/2026\/02\/20220915_111833-1-11x12.png 11w\" sizes=\"(max-width: 276px) 100vw, 276px\" \/>\t\t\t\t\t\t\t\t\t\t\t\t\t\t\t<\/div>\n\t\t\t\t<\/div>\n\t\t\t\t<\/div>\n\t\t<div class=\"elementor-element elementor-element-48dd5b9 e-con-full e-transform e-flex e-con e-child\" data-id=\"48dd5b9\" data-element_type=\"container\" data-settings=\"{&quot;jet_parallax_layout_list&quot;:[],&quot;_transform_rotateZ_effect&quot;:{&quot;unit&quot;:&quot;px&quot;,&quot;size&quot;:5,&quot;sizes&quot;:[]},&quot;_transform_rotateZ_effect_tablet&quot;:{&quot;unit&quot;:&quot;deg&quot;,&quot;size&quot;:&quot;&quot;,&quot;sizes&quot;:[]},&quot;_transform_rotateZ_effect_mobile&quot;:{&quot;unit&quot;:&quot;deg&quot;,&quot;size&quot;:&quot;&quot;,&quot;sizes&quot;:[]}}\">\n\t\t\t\t<div class=\"elementor-element elementor-element-290bb31 elementor-widget elementor-widget-image\" data-id=\"290bb31\" data-element_type=\"widget\" data-widget_type=\"image.default\">\n\t\t\t\t<div class=\"elementor-widget-container\">\n\t\t\t\t\t\t\t\t\t\t\t\t\t\t\t<img decoding=\"async\" width=\"276\" height=\"300\" src=\"https:\/\/www.ccpaschool.edu.py\/wp-content\/uploads\/2026\/02\/20220915_111855-1.png\" class=\"attachment-full size-full wp-image-2786\" alt=\"\" srcset=\"https:\/\/www.ccpaschool.edu.py\/wp-content\/uploads\/2026\/02\/20220915_111855-1.png 276w, https:\/\/www.ccpaschool.edu.py\/wp-content\/uploads\/2026\/02\/20220915_111855-1-11x12.png 11w\" sizes=\"(max-width: 276px) 100vw, 276px\" \/>\t\t\t\t\t\t\t\t\t\t\t\t\t\t\t<\/div>\n\t\t\t\t<\/div>\n\t\t\t\t<\/div>\n\t\t<div class=\"elementor-element elementor-element-e6d3758 e-con-full elementor-hidden-tablet elementor-hidden-mobile e-flex e-con e-child\" data-id=\"e6d3758\" data-element_type=\"container\" data-settings=\"{&quot;jet_parallax_layout_list&quot;:[]}\">\n\t\t\t\t<div class=\"elementor-element elementor-element-d44b5bb elementor-widget elementor-widget-image\" data-id=\"d44b5bb\" data-element_type=\"widget\" data-widget_type=\"image.default\">\n\t\t\t\t<div class=\"elementor-widget-container\">\n\t\t\t\t\t\t\t\t\t\t\t\t\t\t\t<img decoding=\"async\" width=\"276\" height=\"300\" src=\"https:\/\/www.ccpaschool.edu.py\/wp-content\/uploads\/2026\/02\/20220915_112953-1-1.png\" class=\"attachment-full size-full wp-image-2787\" alt=\"\" srcset=\"https:\/\/www.ccpaschool.edu.py\/wp-content\/uploads\/2026\/02\/20220915_112953-1-1.png 276w, https:\/\/www.ccpaschool.edu.py\/wp-content\/uploads\/2026\/02\/20220915_112953-1-1-11x12.png 11w\" sizes=\"(max-width: 276px) 100vw, 276px\" \/>\t\t\t\t\t\t\t\t\t\t\t\t\t\t\t<\/div>\n\t\t\t\t<\/div>\n\t\t\t\t<\/div>\n\t\t<div class=\"elementor-element elementor-element-a1c4af7 e-con-full e-transform elementor-hidden-tablet elementor-hidden-mobile e-flex e-con e-child\" data-id=\"a1c4af7\" data-element_type=\"container\" data-settings=\"{&quot;jet_parallax_layout_list&quot;:[],&quot;_transform_rotateZ_effect&quot;:{&quot;unit&quot;:&quot;px&quot;,&quot;size&quot;:-5,&quot;sizes&quot;:[]},&quot;_transform_rotateZ_effect_tablet&quot;:{&quot;unit&quot;:&quot;deg&quot;,&quot;size&quot;:&quot;&quot;,&quot;sizes&quot;:[]},&quot;_transform_rotateZ_effect_mobile&quot;:{&quot;unit&quot;:&quot;deg&quot;,&quot;size&quot;:&quot;&quot;,&quot;sizes&quot;:[]}}\">\n\t\t\t\t<div class=\"elementor-element elementor-element-d07b360 elementor-widget elementor-widget-image\" data-id=\"d07b360\" data-element_type=\"widget\" data-widget_type=\"image.default\">\n\t\t\t\t<div class=\"elementor-widget-container\">\n\t\t\t\t\t\t\t\t\t\t\t\t\t\t\t<img loading=\"lazy\" decoding=\"async\" width=\"276\" height=\"300\" src=\"https:\/\/www.ccpaschool.edu.py\/wp-content\/uploads\/2026\/02\/WhatsApp-Image-2025-10-24-at-15.36.45-2.png\" class=\"attachment-full size-full wp-image-2788\" alt=\"\" srcset=\"https:\/\/www.ccpaschool.edu.py\/wp-content\/uploads\/2026\/02\/WhatsApp-Image-2025-10-24-at-15.36.45-2.png 276w, https:\/\/www.ccpaschool.edu.py\/wp-content\/uploads\/2026\/02\/WhatsApp-Image-2025-10-24-at-15.36.45-2-11x12.png 11w\" sizes=\"(max-width: 276px) 100vw, 276px\" \/>\t\t\t\t\t\t\t\t\t\t\t\t\t\t\t<\/div>\n\t\t\t\t<\/div>\n\t\t\t\t<\/div>\n\t\t<div class=\"elementor-element elementor-element-ff586b6 e-con-full e-transform elementor-hidden-tablet elementor-hidden-mobile e-flex e-con e-child\" data-id=\"ff586b6\" data-element_type=\"container\" data-settings=\"{&quot;jet_parallax_layout_list&quot;:[],&quot;_transform_rotateZ_effect&quot;:{&quot;unit&quot;:&quot;px&quot;,&quot;size&quot;:10,&quot;sizes&quot;:[]},&quot;_transform_rotateZ_effect_tablet&quot;:{&quot;unit&quot;:&quot;deg&quot;,&quot;size&quot;:&quot;&quot;,&quot;sizes&quot;:[]},&quot;_transform_rotateZ_effect_mobile&quot;:{&quot;unit&quot;:&quot;deg&quot;,&quot;size&quot;:&quot;&quot;,&quot;sizes&quot;:[]}}\">\n\t\t\t\t<div class=\"elementor-element elementor-element-fbb5ea6 elementor-widget elementor-widget-image\" data-id=\"fbb5ea6\" data-element_type=\"widget\" data-widget_type=\"image.default\">\n\t\t\t\t<div class=\"elementor-widget-container\">\n\t\t\t\t\t\t\t\t\t\t\t\t\t\t\t<img loading=\"lazy\" decoding=\"async\" width=\"276\" height=\"300\" src=\"https:\/\/www.ccpaschool.edu.py\/wp-content\/uploads\/2026\/02\/imagen-de-biblioteca-exterior-1.png\" class=\"attachment-full size-full wp-image-2789\" alt=\"\" srcset=\"https:\/\/www.ccpaschool.edu.py\/wp-content\/uploads\/2026\/02\/imagen-de-biblioteca-exterior-1.png 276w, https:\/\/www.ccpaschool.edu.py\/wp-content\/uploads\/2026\/02\/imagen-de-biblioteca-exterior-1-11x12.png 11w\" sizes=\"(max-width: 276px) 100vw, 276px\" \/>\t\t\t\t\t\t\t\t\t\t\t\t\t\t\t<\/div>\n\t\t\t\t<\/div>\n\t\t\t\t<\/div>\n\t\t\t\t<\/div>\n\t\t\t\t<div class=\"elementor-element elementor-element-651a2f9 elementor-widget__width-initial elementor-widget-mobile__width-inherit elementor-widget elementor-widget-heading\" data-id=\"651a2f9\" data-element_type=\"widget\" data-widget_type=\"heading.default\">\n\t\t\t\t<div class=\"elementor-widget-container\">\n\t\t\t\t\t<h2 class=\"elementor-heading-title elementor-size-default\">\u00bfQu\u00e9 hacemos?<\/h2>\t\t\t\t<\/div>\n\t\t\t\t<\/div>\n\t\t\t\t<div class=\"elementor-element elementor-element-381b904 elementor-widget__width-initial elementor-widget-mobile__width-inherit elementor-widget elementor-widget-text-editor\" data-id=\"381b904\" data-element_type=\"widget\" data-widget_type=\"text-editor.default\">\n\t\t\t\t<div class=\"elementor-widget-container\">\n\t\t\t\t\t\t\t\t\t<p>No somos solo una biblioteca o un centro de idiomas; somos un <strong>hub de colaboraci\u00f3n<\/strong> dise\u00f1ado para fomentar el entendimiento mutuo y el desarrollo de habilidades del siglo XXI en un entorno abierto, moderno y totalmente gratuito para la comunidad.<\/p>\t\t\t\t\t\t\t\t<\/div>\n\t\t\t\t<\/div>\n\t\t<div class=\"elementor-element elementor-element-4e693c5 e-grid e-con-full e-con e-child\" data-id=\"4e693c5\" data-element_type=\"container\" data-settings=\"{&quot;jet_parallax_layout_list&quot;:[]}\">\n\t\t<div class=\"elementor-element elementor-element-9ffe49d e-con-full e-flex e-con e-child\" data-id=\"9ffe49d\" data-element_type=\"container\" data-settings=\"{&quot;jet_parallax_layout_list&quot;:[]}\">\n\t\t\t\t<div class=\"elementor-element elementor-element-d0f31b1 elementor-widget elementor-widget-image\" data-id=\"d0f31b1\" data-element_type=\"widget\" data-widget_type=\"image.default\">\n\t\t\t\t<div class=\"elementor-widget-container\">\n\t\t\t\t\t\t\t\t\t\t\t\t\t\t\t<img loading=\"lazy\" decoding=\"async\" width=\"398\" height=\"369\" src=\"https:\/\/www.ccpaschool.edu.py\/wp-content\/uploads\/2026\/02\/IMG_20250813_100838-1-1.png\" class=\"attachment-full size-full wp-image-2732\" alt=\"\" srcset=\"https:\/\/www.ccpaschool.edu.py\/wp-content\/uploads\/2026\/02\/IMG_20250813_100838-1-1.png 398w, https:\/\/www.ccpaschool.edu.py\/wp-content\/uploads\/2026\/02\/IMG_20250813_100838-1-1-300x278.png 300w, https:\/\/www.ccpaschool.edu.py\/wp-content\/uploads\/2026\/02\/IMG_20250813_100838-1-1-13x12.png 13w\" sizes=\"(max-width: 398px) 100vw, 398px\" \/>\t\t\t\t\t\t\t\t\t\t\t\t\t\t\t<\/div>\n\t\t\t\t<\/div>\n\t\t\t\t<div class=\"elementor-element elementor-element-2769958 elementor-widget elementor-widget-text-editor\" data-id=\"2769958\" data-element_type=\"widget\" data-widget_type=\"text-editor.default\">\n\t\t\t\t<div class=\"elementor-widget-container\">\n\t\t\t\t\t\t\t\t\t<p>Cultura Americana<\/p>\t\t\t\t\t\t\t\t<\/div>\n\t\t\t\t<\/div>\n\t\t\t\t<div class=\"elementor-element elementor-element-1c81ea9 elementor-widget elementor-widget-text-editor\" data-id=\"1c81ea9\" data-element_type=\"widget\" data-widget_type=\"text-editor.default\">\n\t\t\t\t<div class=\"elementor-widget-container\">\n\t\t\t\t\t\t\t\t\t<p>Conciertos, cine, literatura y debates sobre los valores y la sociedad de EE. UU.<\/p>\t\t\t\t\t\t\t\t<\/div>\n\t\t\t\t<\/div>\n\t\t\t\t<\/div>\n\t\t<div class=\"elementor-element elementor-element-7791735 e-con-full e-flex e-con e-child\" data-id=\"7791735\" data-element_type=\"container\" data-settings=\"{&quot;jet_parallax_layout_list&quot;:[]}\">\n\t\t\t\t<div class=\"elementor-element elementor-element-89704e5 elementor-widget elementor-widget-image\" data-id=\"89704e5\" data-element_type=\"widget\" data-widget_type=\"image.default\">\n\t\t\t\t<div class=\"elementor-widget-container\">\n\t\t\t\t\t\t\t\t\t\t\t\t\t\t\t<img loading=\"lazy\" decoding=\"async\" width=\"398\" height=\"369\" src=\"https:\/\/www.ccpaschool.edu.py\/wp-content\/uploads\/2026\/02\/2-3.png\" class=\"attachment-full size-full wp-image-2733\" alt=\"\" srcset=\"https:\/\/www.ccpaschool.edu.py\/wp-content\/uploads\/2026\/02\/2-3.png 398w, https:\/\/www.ccpaschool.edu.py\/wp-content\/uploads\/2026\/02\/2-3-300x278.png 300w, https:\/\/www.ccpaschool.edu.py\/wp-content\/uploads\/2026\/02\/2-3-13x12.png 13w\" sizes=\"(max-width: 398px) 100vw, 398px\" \/>\t\t\t\t\t\t\t\t\t\t\t\t\t\t\t<\/div>\n\t\t\t\t<\/div>\n\t\t\t\t<div class=\"elementor-element elementor-element-9ab8af1 elementor-widget elementor-widget-text-editor\" data-id=\"9ab8af1\" data-element_type=\"widget\" data-widget_type=\"text-editor.default\">\n\t\t\t\t<div class=\"elementor-widget-container\">\n\t\t\t\t\t\t\t\t\t<p>Aprendizaje del Ingl\u00e9s<\/p>\t\t\t\t\t\t\t\t<\/div>\n\t\t\t\t<\/div>\n\t\t\t\t<div class=\"elementor-element elementor-element-27cac63 elementor-widget elementor-widget-text-editor\" data-id=\"27cac63\" data-element_type=\"widget\" data-widget_type=\"text-editor.default\">\n\t\t\t\t<div class=\"elementor-widget-container\">\n\t\t\t\t\t\t\t\t\t<p>Orientaci\u00f3n oficial para quienes sue\u00f1an con estudiar en universidades estadounidenses.<\/p>\t\t\t\t\t\t\t\t<\/div>\n\t\t\t\t<\/div>\n\t\t\t\t<\/div>\n\t\t<div class=\"elementor-element elementor-element-03e9a59 e-con-full e-flex e-con e-child\" data-id=\"03e9a59\" data-element_type=\"container\" data-settings=\"{&quot;jet_parallax_layout_list&quot;:[]}\">\n\t\t\t\t<div class=\"elementor-element elementor-element-109a927 elementor-widget elementor-widget-image\" data-id=\"109a927\" data-element_type=\"widget\" data-widget_type=\"image.default\">\n\t\t\t\t<div class=\"elementor-widget-container\">\n\t\t\t\t\t\t\t\t\t\t\t\t\t\t\t<img loading=\"lazy\" decoding=\"async\" width=\"398\" height=\"370\" src=\"https:\/\/www.ccpaschool.edu.py\/wp-content\/uploads\/2026\/02\/IMG_20250814_120542-1.png\" class=\"attachment-full size-full wp-image-2734\" alt=\"\" srcset=\"https:\/\/www.ccpaschool.edu.py\/wp-content\/uploads\/2026\/02\/IMG_20250814_120542-1.png 398w, https:\/\/www.ccpaschool.edu.py\/wp-content\/uploads\/2026\/02\/IMG_20250814_120542-1-300x279.png 300w, https:\/\/www.ccpaschool.edu.py\/wp-content\/uploads\/2026\/02\/IMG_20250814_120542-1-13x12.png 13w\" sizes=\"(max-width: 398px) 100vw, 398px\" \/>\t\t\t\t\t\t\t\t\t\t\t\t\t\t\t<\/div>\n\t\t\t\t<\/div>\n\t\t\t\t<div class=\"elementor-element elementor-element-8d2afcf elementor-widget elementor-widget-text-editor\" data-id=\"8d2afcf\" data-element_type=\"widget\" data-widget_type=\"text-editor.default\">\n\t\t\t\t<div class=\"elementor-widget-container\">\n\t\t\t\t\t\t\t\t\t<p>Asesor\u00eda EducationUSA<\/p>\t\t\t\t\t\t\t\t<\/div>\n\t\t\t\t<\/div>\n\t\t\t\t<div class=\"elementor-element elementor-element-d8ac4ec elementor-widget elementor-widget-text-editor\" data-id=\"d8ac4ec\" data-element_type=\"widget\" data-widget_type=\"text-editor.default\">\n\t\t\t\t<div class=\"elementor-widget-container\">\n\t\t\t\t\t\t\t\t\t<p>Orientaci\u00f3n oficial para quienes sue\u00f1an con estudiar en universidades estadounidenses.<\/p>\t\t\t\t\t\t\t\t<\/div>\n\t\t\t\t<\/div>\n\t\t\t\t<\/div>\n\t\t<div class=\"elementor-element elementor-element-a660e98 e-con-full e-flex e-con e-child\" data-id=\"a660e98\" data-element_type=\"container\" data-settings=\"{&quot;jet_parallax_layout_list&quot;:[]}\">\n\t\t\t\t<div class=\"elementor-element elementor-element-338a2f4 elementor-widget elementor-widget-image\" data-id=\"338a2f4\" data-element_type=\"widget\" data-widget_type=\"image.default\">\n\t\t\t\t<div class=\"elementor-widget-container\">\n\t\t\t\t\t\t\t\t\t\t\t\t\t\t\t<img loading=\"lazy\" decoding=\"async\" width=\"398\" height=\"370\" src=\"https:\/\/www.ccpaschool.edu.py\/wp-content\/uploads\/2026\/02\/IMG_20250814_120542-1-1.png\" class=\"attachment-full size-full wp-image-2735\" alt=\"\" srcset=\"https:\/\/www.ccpaschool.edu.py\/wp-content\/uploads\/2026\/02\/IMG_20250814_120542-1-1.png 398w, https:\/\/www.ccpaschool.edu.py\/wp-content\/uploads\/2026\/02\/IMG_20250814_120542-1-1-300x279.png 300w, https:\/\/www.ccpaschool.edu.py\/wp-content\/uploads\/2026\/02\/IMG_20250814_120542-1-1-13x12.png 13w\" sizes=\"(max-width: 398px) 100vw, 398px\" \/>\t\t\t\t\t\t\t\t\t\t\t\t\t\t\t<\/div>\n\t\t\t\t<\/div>\n\t\t\t\t<div class=\"elementor-element elementor-element-22556f2 elementor-widget elementor-widget-text-editor\" data-id=\"22556f2\" data-element_type=\"widget\" data-widget_type=\"text-editor.default\">\n\t\t\t\t<div class=\"elementor-widget-container\">\n\t\t\t\t\t\t\t\t\t<p>Programas Alumni<\/p>\t\t\t\t\t\t\t\t<\/div>\n\t\t\t\t<\/div>\n\t\t\t\t<div class=\"elementor-element elementor-element-8aa1d95 elementor-widget elementor-widget-text-editor\" data-id=\"8aa1d95\" data-element_type=\"widget\" data-widget_type=\"text-editor.default\">\n\t\t\t\t<div class=\"elementor-widget-container\">\n\t\t\t\t\t\t\t\t\t<p>Red de contacto para l\u00edderes que participaron en intercambios del Gobierno de EE. UU.<\/p>\t\t\t\t\t\t\t\t<\/div>\n\t\t\t\t<\/div>\n\t\t\t\t<\/div>\n\t\t<div class=\"elementor-element elementor-element-f980ab4 e-con-full e-flex e-con e-child\" data-id=\"f980ab4\" data-element_type=\"container\" data-settings=\"{&quot;jet_parallax_layout_list&quot;:[]}\">\n\t\t\t\t<div class=\"elementor-element elementor-element-2faac80 elementor-widget elementor-widget-image\" data-id=\"2faac80\" data-element_type=\"widget\" data-widget_type=\"image.default\">\n\t\t\t\t<div class=\"elementor-widget-container\">\n\t\t\t\t\t\t\t\t\t\t\t\t\t\t\t<img loading=\"lazy\" decoding=\"async\" width=\"398\" height=\"370\" src=\"https:\/\/www.ccpaschool.edu.py\/wp-content\/uploads\/2026\/02\/IMG_20250814_120542-1-2.png\" class=\"attachment-full size-full wp-image-2736\" alt=\"\" srcset=\"https:\/\/www.ccpaschool.edu.py\/wp-content\/uploads\/2026\/02\/IMG_20250814_120542-1-2.png 398w, https:\/\/www.ccpaschool.edu.py\/wp-content\/uploads\/2026\/02\/IMG_20250814_120542-1-2-300x279.png 300w, https:\/\/www.ccpaschool.edu.py\/wp-content\/uploads\/2026\/02\/IMG_20250814_120542-1-2-13x12.png 13w\" sizes=\"(max-width: 398px) 100vw, 398px\" \/>\t\t\t\t\t\t\t\t\t\t\t\t\t\t\t<\/div>\n\t\t\t\t<\/div>\n\t\t\t\t<div class=\"elementor-element elementor-element-f6f6627 elementor-widget elementor-widget-text-editor\" data-id=\"f6f6627\" data-element_type=\"widget\" data-widget_type=\"text-editor.default\">\n\t\t\t\t<div class=\"elementor-widget-container\">\n\t\t\t\t\t\t\t\t\t<p>MakerLab<\/p>\t\t\t\t\t\t\t\t<\/div>\n\t\t\t\t<\/div>\n\t\t\t\t<div class=\"elementor-element elementor-element-370cd6d elementor-widget elementor-widget-text-editor\" data-id=\"370cd6d\" data-element_type=\"widget\" data-widget_type=\"text-editor.default\">\n\t\t\t\t<div class=\"elementor-widget-container\">\n\t\t\t\t\t\t\t\t\t<p>Talleres de rob\u00f3tica, impresi\u00f3n 3D, programaci\u00f3n y emprendimiento.<\/p>\t\t\t\t\t\t\t\t<\/div>\n\t\t\t\t<\/div>\n\t\t\t\t<\/div>\n\t\t\t\t<\/div>\n\t\t\t\t<div class=\"elementor-element elementor-element-4905720 elementor-absolute elementor-hidden-tablet elementor-hidden-mobile elementor-widget elementor-widget-image\" data-id=\"4905720\" data-element_type=\"widget\" data-settings=\"{&quot;_position&quot;:&quot;absolute&quot;}\" data-widget_type=\"image.default\">\n\t\t\t\t<div class=\"elementor-widget-container\">\n\t\t\t\t\t\t\t\t\t\t\t\t\t\t\t<img loading=\"lazy\" decoding=\"async\" width=\"487\" height=\"134\" src=\"https:\/\/www.ccpaschool.edu.py\/wp-content\/uploads\/2026\/02\/Group-17.png\" class=\"attachment-large size-large wp-image-2740\" alt=\"\" srcset=\"https:\/\/www.ccpaschool.edu.py\/wp-content\/uploads\/2026\/02\/Group-17.png 487w, https:\/\/www.ccpaschool.edu.py\/wp-content\/uploads\/2026\/02\/Group-17-300x83.png 300w, https:\/\/www.ccpaschool.edu.py\/wp-content\/uploads\/2026\/02\/Group-17-18x5.png 18w\" sizes=\"(max-width: 487px) 100vw, 487px\" \/>\t\t\t\t\t\t\t\t\t\t\t\t\t\t\t<\/div>\n\t\t\t\t<\/div>\n\t\t\t\t\t<\/div>\n\t\t\t\t<\/div>\n\t\t\t\t<\/div>","protected":false},"excerpt":{"rendered":"<p>\u00bfQu\u00e9 es ser un American Space? Tu conexi\u00f3n directa con la innovaci\u00f3n, la cultura y las oportunidades de los Estados Unidos. Un ecosistema vibrante donde las ideas cobran vida Somos parte de una red global de m\u00e1s de 600 centros culturales y de aprendizaje, impulsados por el Departamento de Estado de EE. UU. \u00bfQu\u00e9 hacemos? [&hellip;]<\/p>","protected":false},"author":1,"featured_media":0,"parent":0,"menu_order":0,"comment_status":"closed","ping_status":"closed","template":"","meta":{"footnotes":""},"class_list":["post-2698","page","type-page","status-publish","hentry"],"_links":{"self":[{"href":"https:\/\/www.ccpaschool.edu.py\/en\/wp-json\/wp\/v2\/pages\/2698","targetHints":{"allow":["GET"]}}],"collection":[{"href":"https:\/\/www.ccpaschool.edu.py\/en\/wp-json\/wp\/v2\/pages"}],"about":[{"href":"https:\/\/www.ccpaschool.edu.py\/en\/wp-json\/wp\/v2\/types\/page"}],"author":[{"embeddable":true,"href":"https:\/\/www.ccpaschool.edu.py\/en\/wp-json\/wp\/v2\/users\/1"}],"replies":[{"embeddable":true,"href":"https:\/\/www.ccpaschool.edu.py\/en\/wp-json\/wp\/v2\/comments?post=2698"}],"version-history":[{"count":82,"href":"https:\/\/www.ccpaschool.edu.py\/en\/wp-json\/wp\/v2\/pages\/2698\/revisions"}],"predecessor-version":[{"id":2809,"href":"https:\/\/www.ccpaschool.edu.py\/en\/wp-json\/wp\/v2\/pages\/2698\/revisions\/2809"}],"wp:attachment":[{"href":"https:\/\/www.ccpaschool.edu.py\/en\/wp-json\/wp\/v2\/media?parent=2698"}],"curies":[{"name":"wp","href":"https:\/\/api.w.org\/{rel}","templated":true}]}}